{"id":75,"date":"2022-05-02T01:39:49","date_gmt":"2022-05-02T01:39:49","guid":{"rendered":"http:\/\/bmconsultores.com.mx\/?page_id=75"},"modified":"2022-05-02T01:43:40","modified_gmt":"2022-05-02T01:43:40","slug":"capacitacion-2","status":"publish","type":"page","link":"https:\/\/bmconsultores.com.mx\/?page_id=75","title":{"rendered":"Capacitaci\u00f3n"},"content":{"rendered":"\n<p>La capacitaci\u00f3n es uno de los medio m\u00e1s efectivos para asegurar la formaci\u00f3n permanente de los recursos humanos respecto a las funciones laborales que deben desempe\u00f1ar en los puestos de trabajo que ocupan. <\/p>\n\n\n\n<p>Nuestros programas de capacitaci\u00f3n son instrumentos que ense\u00f1an, desarrollan sistem\u00e1ticamente y colocan en circunstancias de competencia al personal de nuestros clientes. <strong>\u00a1Garantizado! <\/strong><\/p>\n\n\n\n<p><strong>\u00d8Liderazgo<\/strong><\/p>\n\n\n\n<p><strong>\u00d8Manejo del estr\u00e9s laboral <\/strong><\/p>\n\n\n\n<p><strong>\u00d8Administraci\u00f3n del tiempo <\/strong><\/p>\n\n\n\n<p><strong>\u00d8Inteligencia emocional <\/strong><\/p>\n\n\n\n<p><strong>\u00d8Trabajo en equipo <\/strong><\/p>\n\n\n\n<p><strong>\u00d8Mediaci\u00f3n para prevenir conflictos<\/strong><\/p>\n","protected":false},"excerpt":{"rendered":"<p>La capacitaci\u00f3n es uno de los medio m\u00e1s efectivos para asegurar la formaci\u00f3n permanente de los recursos humanos respecto a las funciones laborales que deben desempe\u00f1ar en los puestos de trabajo que ocupan. Nuestros programas de capacitaci\u00f3n son instrumentos que ense\u00f1an, desarrollan sistem\u00e1ticamente y colocan en circunstancias de competencia al personal de nuestros clientes. \u00a1Garantizado! [&hellip;]<\/p>\n","protected":false},"author":1,"featured_media":0,"parent":0,"menu_order":0,"comment_status":"closed","ping_status":"closed","template":"templates\/template-page-full-width.php","meta":[],"_links":{"self":[{"href":"https:\/\/bmconsultores.com.mx\/index.php?rest_route=\/wp\/v2\/pages\/75"}],"collection":[{"href":"https:\/\/bmconsultores.com.mx\/index.php?rest_route=\/wp\/v2\/pages"}],"about":[{"href":"https:\/\/bmconsultores.com.mx\/index.php?rest_route=\/wp\/v2\/types\/page"}],"author":[{"embeddable":true,"href":"https:\/\/bmconsultores.com.mx\/index.php?rest_route=\/wp\/v2\/users\/1"}],"replies":[{"embeddable":true,"href":"https:\/\/bmconsultores.com.mx\/index.php?rest_route=%2Fwp%2Fv2%2Fcomments&post=75"}],"version-history":[{"count":2,"href":"https:\/\/bmconsultores.com.mx\/index.php?rest_route=\/wp\/v2\/pages\/75\/revisions"}],"predecessor-version":[{"id":83,"href":"https:\/\/bmconsultores.com.mx\/index.php?rest_route=\/wp\/v2\/pages\/75\/revisions\/83"}],"wp:attachment":[{"href":"https:\/\/bmconsultores.com.mx\/index.php?rest_route=%2Fwp%2Fv2%2Fmedia&parent=75"}],"curies":[{"name":"wp","href":"https:\/\/api.w.org\/{rel}","templated":true}]}}