{"id":54,"date":"2022-05-02T00:23:27","date_gmt":"2022-05-02T00:23:27","guid":{"rendered":"http:\/\/bmconsultores.com.mx\/?page_id=54"},"modified":"2022-05-02T01:43:54","modified_gmt":"2022-05-02T01:43:54","slug":"evaluaciones-psicometricas","status":"publish","type":"page","link":"https:\/\/bmconsultores.com.mx\/?page_id=54","title":{"rendered":"Evaluaciones Psicometricas"},"content":{"rendered":"\n<p>Aplicaci\u00f3n de Pruebas Psicom\u00e9tricas y Evaluaciones Psicol\u00f3gicas para conocer mejor las actitudes y aptitudes de las personas que colaboran en los negocios de nuestros clientes.<\/p>\n\n\n\n<p><strong>\u00a1Garantizado!<\/strong><\/p>\n","protected":false},"excerpt":{"rendered":"<p>Aplicaci\u00f3n de Pruebas Psicom\u00e9tricas y Evaluaciones Psicol\u00f3gicas para conocer mejor las actitudes y aptitudes de las personas que colaboran en los negocios de nuestros clientes. \u00a1Garantizado!<\/p>\n","protected":false},"author":1,"featured_media":0,"parent":0,"menu_order":0,"comment_status":"closed","ping_status":"closed","template":"templates\/template-page-full-width.php","meta":[],"_links":{"self":[{"href":"https:\/\/bmconsultores.com.mx\/index.php?rest_route=\/wp\/v2\/pages\/54"}],"collection":[{"href":"https:\/\/bmconsultores.com.mx\/index.php?rest_route=\/wp\/v2\/pages"}],"about":[{"href":"https:\/\/bmconsultores.com.mx\/index.php?rest_route=\/wp\/v2\/types\/page"}],"author":[{"embeddable":true,"href":"https:\/\/bmconsultores.com.mx\/index.php?rest_route=\/wp\/v2\/users\/1"}],"replies":[{"embeddable":true,"href":"https:\/\/bmconsultores.com.mx\/index.php?rest_route=%2Fwp%2Fv2%2Fcomments&post=54"}],"version-history":[{"count":3,"href":"https:\/\/bmconsultores.com.mx\/index.php?rest_route=\/wp\/v2\/pages\/54\/revisions"}],"predecessor-version":[{"id":74,"href":"https:\/\/bmconsultores.com.mx\/index.php?rest_route=\/wp\/v2\/pages\/54\/revisions\/74"}],"wp:attachment":[{"href":"https:\/\/bmconsultores.com.mx\/index.php?rest_route=%2Fwp%2Fv2%2Fmedia&parent=54"}],"curies":[{"name":"wp","href":"https:\/\/api.w.org\/{rel}","templated":true}]}}