{"id":52,"date":"2022-05-02T00:23:27","date_gmt":"2022-05-02T00:23:27","guid":{"rendered":"http:\/\/bmconsultores.com.mx\/?page_id=52"},"modified":"2022-05-02T01:44:06","modified_gmt":"2022-05-02T01:44:06","slug":"investigacion","status":"publish","type":"page","link":"https:\/\/bmconsultores.com.mx\/?page_id=52","title":{"rendered":"Investigaci\u00f3n"},"content":{"rendered":"\n<p>Al conocer la situaci\u00f3n econ\u00f3mica y social de las personas que laboran en su negocio, nuestros clientes contar\u00e1n con un amplio panorama de las conductas de sus colaboradores. Adem\u00e1s, \u00e9stos fortalecer\u00e1n su compromiso hacia el negocio, al sentir que conocemos m\u00e1s de ellos.<\/p>\n\n\n\n<p><\/p>\n\n\n\n<p> <strong>\u00a1Garantizado!<\/strong><\/p>\n","protected":false},"excerpt":{"rendered":"<p>Al conocer la situaci\u00f3n econ\u00f3mica y social de las personas que laboran en su negocio, nuestros clientes contar\u00e1n con un amplio panorama de las conductas de sus colaboradores. Adem\u00e1s, \u00e9stos fortalecer\u00e1n su compromiso hacia el negocio, al sentir que conocemos m\u00e1s de ellos. \u00a1Garantizado!<\/p>\n","protected":false},"author":1,"featured_media":0,"parent":0,"menu_order":0,"comment_status":"closed","ping_status":"closed","template":"templates\/template-page-full-width.php","meta":[],"_links":{"self":[{"href":"https:\/\/bmconsultores.com.mx\/index.php?rest_route=\/wp\/v2\/pages\/52"}],"collection":[{"href":"https:\/\/bmconsultores.com.mx\/index.php?rest_route=\/wp\/v2\/pages"}],"about":[{"href":"https:\/\/bmconsultores.com.mx\/index.php?rest_route=\/wp\/v2\/types\/page"}],"author":[{"embeddable":true,"href":"https:\/\/bmconsultores.com.mx\/index.php?rest_route=\/wp\/v2\/users\/1"}],"replies":[{"embeddable":true,"href":"https:\/\/bmconsultores.com.mx\/index.php?rest_route=%2Fwp%2Fv2%2Fcomments&post=52"}],"version-history":[{"count":2,"href":"https:\/\/bmconsultores.com.mx\/index.php?rest_route=\/wp\/v2\/pages\/52\/revisions"}],"predecessor-version":[{"id":72,"href":"https:\/\/bmconsultores.com.mx\/index.php?rest_route=\/wp\/v2\/pages\/52\/revisions\/72"}],"wp:attachment":[{"href":"https:\/\/bmconsultores.com.mx\/index.php?rest_route=%2Fwp%2Fv2%2Fmedia&parent=52"}],"curies":[{"name":"wp","href":"https:\/\/api.w.org\/{rel}","templated":true}]}}